{"id":1008,"date":"2025-07-05T13:30:34","date_gmt":"2025-07-05T13:30:34","guid":{"rendered":"https:\/\/clayshop.store\/home\/"},"modified":"2025-07-09T13:16:19","modified_gmt":"2025-07-09T13:16:19","slug":"clay-shop","status":"publish","type":"page","link":"https:\/\/clayshop.store\/fr\/","title":{"rendered":"Accueil"},"content":{"rendered":"<div class=\"wp-block-uagb-container uagb-block-0853bbbc alignfull uagb-is-root-container\"><div class=\"uagb-container-inner-blocks-wrap\">\n<div class=\"wp-block-uagb-info-box uagb-block-80f427ef uagb-infobox__content-wrap  uagb-infobox-icon-above-title uagb-infobox-image-valign-top wp-block-uagb-info-box--has-margin\"><div class=\"uagb-infobox-margin-wrapper\"><div class=\"uagb-ifb-content\"><div class=\"uagb-ifb-title-wrap\"><h6 class=\"uagb-ifb-title-prefix\">Bienvenue \u00e0 Clay Shop<gwmw style=\"display:none;\"><gwmw style=\"display:none;\"><gwmw style=\"display:none;\"><gwmw style=\"display:none;\"><\/gwmw><\/gwmw><\/gwmw><\/gwmw><\/h6><h1 class=\"uagb-ifb-title\">Cr\u00e9ations en argile, faites main avec amour<gwmw style=\"display:none;\"><\/gwmw><\/h1><\/div><div class=\"uagb-ifb-button-wrapper wp-block-button\"><a href=\"https:\/\/clayshop.store\/fr\/shop\/\" class=\"uagb-infobox-cta-link wp-block-button__link\" target=\"_self\" rel=\"noopener noreferrer\" onclick=\"return true;\"><span class=\"uagb-inline-editing\">Voir boutique<\/span><\/a><\/div><\/div><\/div><\/div>\n<\/div><\/div>\n\n\n\n<div class=\"wp-block-uagb-container uagb-block-f517ed11 alignfull uagb-is-root-container\"><div class=\"uagb-container-inner-blocks-wrap\">\n<div class=\"wp-block-uagb-call-to-action uagb-block-b4621b5c wp-block-button\"><div class=\"uagb-cta__wrap\"><h2 class=\"uagb-cta__title\">Nouveaut\u00e9s<\/h2><p class=\"uagb-cta__desc\">Click here to change this text. Lorem ipsum dolor sit amet, consectetur adipiscing elit. Ut elit tellus, luctus nec ullamcorper mattis, pulvinar dapibus leo.<\/p><\/div><div class=\"uagb-cta__buttons\"><a href=\"https:\/\/clayshop.store\/fr\/shop\/\" class=\"uagb-cta__button-link-wrapper wp-block-button__link\" target=\"_self\" rel=\"noopener noreferrer\">Voir boutique<\/a><\/div><\/div>\n\n\n<div class=\"woocommerce columns-3\"><\/div>\n<\/div><\/div>\n\n\n\n<div class=\"wp-block-uagb-container uagb-block-ca841bf0 alignfull uagb-is-root-container\">\n<div class=\"wp-block-uagb-container uagb-block-3b7decd0\">\n<div class=\"wp-block-uagb-info-box uagb-block-a66e9ef5 uagb-infobox__content-wrap  uagb-infobox-icon-above-title uagb-infobox-image-valign-top wp-block-uagb-info-box--has-margin\"><div class=\"uagb-infobox-margin-wrapper\"><div class=\"uagb-ifb-content\"><div class=\"uagb-ifb-title-wrap\"><h6 class=\"uagb-ifb-title-prefix\">Pourquoi nous choisir ?<gwmw style=\"display:none;\"><\/gwmw><\/h6><h2 class=\"uagb-ifb-title\">Personnalisez votre espace selon votre style<\/h2><\/div><p class=\"uagb-ifb-desc\">Chez Clay Shop, la cr\u00e9ativit\u00e9 n\u2019a pas de limites. Des petits objets adorables aux bo\u00eetes \u00e0 bijoux personnalis\u00e9es et cache-pots uniques, chaque pi\u00e8ce est faite main avec soin, en argile. Notre mission ? Apporter de la personnalit\u00e9 et de la douceur \u00e0 votre quotidien.<br><br>Votre espace a plus d\u2019impact que vous ne le pensez. Il influence votre humeur, votre concentration et votre cr\u00e9ativit\u00e9. Difficile de se sentir bien dans un endroit qui <em>ne vous ressemble pas !<\/em>C\u2019est pourquoi nos cr\u00e9ations sont pens\u00e9es pour \u00eatre \u00e0 la fois jolies et utiles \u2014 des d\u00e9tails qui font toute la diff\u00e9rence. <br><br>Minimaliste, color\u00e9 ou entre les deux ? Chaque objet est con\u00e7u pour refl\u00e9ter votre univers. Nos pi\u00e8ces artisanales transforment n\u2019importe quel coin de votre maison en un petit cocon sur-mesure, propice \u00e0 l\u2019inspiration et \u00e0 la d\u00e9tente.<gwmw style=\"display:none;\"><\/gwmw><\/p><\/div><\/div><\/div>\n<\/div>\n<\/div>\n\n\n\n<div class=\"wp-block-uagb-container uagb-block-5be10308 alignfull uagb-is-root-container\"><div class=\"uagb-container-inner-blocks-wrap\">\n<div class=\"wp-block-uagb-advanced-heading uagb-block-af5d9df1\"><h2 class=\"uagb-heading-text\">Notre univers<\/h2><div class=\"uagb-separator\"><\/div><\/div>\n\n\n\n<div class=\"wp-block-uagb-container uagb-block-b81ecab3\">\n<div class=\"wp-block-uagb-container uagb-block-c4ad7277\">      \n\t\t\t<div class=\"uagb-icon-wrapper uagb-block-d99b2bbd\"\n\t\t\tstyle=\"\" >\n\t\t\t\t\t\t\t\t\t<span class=\"uagb-svg-wrapper\" \n\t\t\t\t\t aria-label=\"heart\"\t\t\t\t\ttabindex=\"0\">\t\t\n\t\t\t\t\t\t\t\t\t\t<svg xmlns=\"https:\/\/www.w3.org\/2000\/svg\" viewbox= \"0 0 512 512\" role=\"graphics-symbol\" aria-hidden=\"false\" aria-label=\"\"><path d=\"M0 190.9V185.1C0 115.2 50.52 55.58 119.4 44.1C164.1 36.51 211.4 51.37 244 84.02L256 96L267.1 84.02C300.6 51.37 347 36.51 392.6 44.1C461.5 55.58 512 115.2 512 185.1V190.9C512 232.4 494.8 272.1 464.4 300.4L283.7 469.1C276.2 476.1 266.3 480 256 480C245.7 480 235.8 476.1 228.3 469.1L47.59 300.4C17.23 272.1 .0003 232.4 .0003 190.9L0 190.9z\"><\/path><\/svg>\n\t\t\t\t\t\t\t\t\t<\/span>\n\t\t\t\t\t\t\t<\/div>\n\t\t\t\n\n\n<div class=\"wp-block-uagb-testimonial uagb-slick-carousel uagb-tm__arrow-outside uagb-block-86e88319 uagb-post__carousel_notset uagb-post__carousel_notset-tablet uagb-post__carousel_notset-mobile\"><div class=\"is-carousel uagb-tm__columns-1 uagb-tm__items\"><div class=\"uagb-testimonial__wrap  uagb-tm__imgicon-style-circle uagb-tm__image-position-bottom uagb-tm__bg-type-none\"><div class=\"uagb-tm__content\"><div class=\"uagb-tm__overlay\"><\/div><div class=\"uagb-tm__text-wrap\"><div class=\"uagb-tm__desc\">Fait main avec amour<br><br>Chaque cr\u00e9ation est fa\u00e7onn\u00e9e, peinte et finie \u00e0 la main, avec soin et attention aux petits d\u00e9tails qui comptent pour vous.<\/div><div class=\"uagb-tm__meta-inner\"><div class=\"uagb-testimonial-details\"><span class=\"uagb-tm__author-name\"> <\/span><span class=\"uagb-tm__company\">Company Name<\/span><\/div><\/div><\/div><\/div><\/div><\/div><\/div>\n<\/div>\n\n\n\n<div class=\"wp-block-uagb-container uagb-block-9a621be4\">      \n\t\t\t<div class=\"uagb-icon-wrapper uagb-block-12f4e698\"\n\t\t\tstyle=\"\" >\n\t\t\t\t\t\t\t\t\t<span class=\"uagb-svg-wrapper\" \n\t\t\t\t\t aria-label=\"paintbrush\"\t\t\t\t\ttabindex=\"0\">\t\t\n\t\t\t\t\t\t\t\t\t\t<svg xmlns=\"https:\/\/www.w3.org\/2000\/svg\" viewbox= \"0 0 576 512\" role=\"graphics-symbol\" aria-hidden=\"false\" aria-label=\"\"><path d=\"M224 263.3C224.2 233.3 238.4 205.2 262.4 187.2L499.1 9.605C517.7-4.353 543.6-2.965 560.7 12.9C577.7 28.76 580.8 54.54 568.2 74.07L406.5 324.1C391.3 347.7 366.6 363.2 339.3 367.1L224 263.3zM320 400C320 461.9 269.9 512 208 512H64C46.33 512 32 497.7 32 480C32 462.3 46.33 448 64 448H68.81C86.44 448 98.4 429.1 96.59 411.6C96.2 407.8 96 403.9 96 400C96 339.6 143.9 290.3 203.7 288.1L319.8 392.5C319.9 394.1 320 397.5 320 400V400z\"><\/path><\/svg>\n\t\t\t\t\t\t\t\t\t<\/span>\n\t\t\t\t\t\t\t<\/div>\n\t\t\t\n\n\n<div class=\"wp-block-uagb-testimonial uagb-slick-carousel uagb-tm__arrow-outside uagb-block-9fa6b616 uagb-post__carousel_notset uagb-post__carousel_notset-tablet uagb-post__carousel_notset-mobile\"><div class=\"is-carousel uagb-tm__columns-1 uagb-tm__items\"><div class=\"uagb-testimonial__wrap  uagb-tm__imgicon-style-circle uagb-tm__image-position-bottom uagb-tm__bg-type-none\"><div class=\"uagb-tm__content\"><div class=\"uagb-tm__overlay\"><\/div><div class=\"uagb-tm__text-wrap\"><div class=\"uagb-tm__desc\">Cr\u00e9ativit\u00e9<br><br>Vous l\u2019imaginez, on le fa\u00e7onne.<br>Que ce soit une couleur, une forme ou une utilit\u00e9 pr\u00e9cise \u2014 vos id\u00e9es sont notre point de d\u00e9part.<\/div><div class=\"uagb-tm__meta-inner\"><div class=\"uagb-testimonial-details\"><span class=\"uagb-tm__author-name\"><\/span><span class=\"uagb-tm__company\">Company Name<\/span><\/div><\/div><\/div><\/div><\/div><\/div><\/div>\n<\/div>\n\n\n\n<div class=\"wp-block-uagb-container uagb-block-fd254e6f\">      \n\t\t\t<div class=\"uagb-icon-wrapper uagb-block-c45cb127\"\n\t\t\tstyle=\"\" >\n\t\t\t\t\t\t\t\t\t<span class=\"uagb-svg-wrapper\" \n\t\t\t\t\t aria-label=\"comments\"\t\t\t\t\ttabindex=\"0\">\t\t\n\t\t\t\t\t\t\t\t\t\t<svg xmlns=\"https:\/\/www.w3.org\/2000\/svg\" viewbox= \"0 0 640 512\" role=\"graphics-symbol\" aria-hidden=\"false\" aria-label=\"\"><path d=\"M416 176C416 78.8 322.9 0 208 0S0 78.8 0 176c0 39.57 15.62 75.96 41.67 105.4c-16.39 32.76-39.23 57.32-39.59 57.68c-2.1 2.205-2.67 5.475-1.441 8.354C1.9 350.3 4.602 352 7.66 352c38.35 0 70.76-11.12 95.74-24.04C134.2 343.1 169.8 352 208 352C322.9 352 416 273.2 416 176zM599.6 443.7C624.8 413.9 640 376.6 640 336C640 238.8 554 160 448 160c-.3145 0-.6191 .041-.9336 .043C447.5 165.3 448 170.6 448 176c0 98.62-79.68 181.2-186.1 202.5C282.7 455.1 357.1 512 448 512c33.69 0 65.32-8.008 92.85-21.98C565.2 502 596.1 512 632.3 512c3.059 0 5.76-1.725 7.02-4.605c1.229-2.879 .6582-6.148-1.441-8.354C637.6 498.7 615.9 475.3 599.6 443.7z\"><\/path><\/svg>\n\t\t\t\t\t\t\t\t\t<\/span>\n\t\t\t\t\t\t\t<\/div>\n\t\t\t\n\n\n<div class=\"wp-block-uagb-testimonial uagb-slick-carousel uagb-tm__arrow-outside uagb-block-cadb7bd5 uagb-post__carousel_notset uagb-post__carousel_notset-tablet uagb-post__carousel_notset-mobile\"><div class=\"is-carousel uagb-tm__columns-1 uagb-tm__items\"><div class=\"uagb-testimonial__wrap  uagb-tm__imgicon-style-circle uagb-tm__image-position-bottom uagb-tm__bg-type-none\"><div class=\"uagb-tm__content\"><div class=\"uagb-tm__overlay\"><\/div><div class=\"uagb-tm__text-wrap\"><div class=\"uagb-tm__desc\">Transparence<br><br>On mise sur la clart\u00e9 et la confiance.\nChaque question m\u00e9rite une r\u00e9ponse honn\u00eate, sans pression et sans engagement.<\/div><div class=\"uagb-tm__meta-inner\"><div class=\"uagb-testimonial-details\"><span class=\"uagb-tm__author-name\"><\/span><span class=\"uagb-tm__company\">Company Name<\/span><\/div><\/div><\/div><\/div><\/div><\/div><\/div>\n<\/div>\n<\/div>\n<\/div><\/div>\n\n\n\n<div class=\"wp-block-uagb-container uagb-block-0d75ef3a alignfull uagb-is-root-container\"><div class=\"uagb-container-inner-blocks-wrap\">\n<div class=\"wp-block-uagb-info-box uagb-block-32b85e80 uagb-infobox__content-wrap  uagb-infobox-icon-above-title uagb-infobox-image-valign-top\"><div class=\"uagb-ifb-content\"><div class=\"uagb-ifb-title-wrap\"><h6 class=\"uagb-ifb-title-prefix\">Vous cherchez quelque chose de sp\u00e9cial?<\/h6><h3 class=\"uagb-ifb-title\">Personnalisez votre espace<\/h3><\/div><p class=\"uagb-ifb-desc\"><strong>Cr\u00e9ez un univers qui vous ressemble avec des pi\u00e8ces en argile sur mesure.<\/strong><br><\/p><div class=\"uagb-ifb-button-wrapper wp-block-button\"><a href=\"https:\/\/clayshop.store\/fr\/contact\/\" class=\"uagb-infobox-cta-link wp-block-button__link\" target=\"_self\" rel=\"noopener noreferrer\" onclick=\"return true;\"><span class=\"uagb-inline-editing\">Commande personnalis\u00e9e<\/span><\/a><\/div><\/div><\/div>\n<\/div><\/div>\n\n\n\n<div class=\"wp-block-uagb-container uagb-layout-flex uagb-block-aa5ede74 alignfull uagb-is-root-container\"><div class=\"uagb-container-inner-blocks-wrap\">\n<div class=\"wp-block-uagb-info-box uagb-block-553f2ea7 uagb-infobox__content-wrap  uagb-infobox-icon-left uagb-infobox-left uagb-infobox-stacked-mobile uagb-infobox-image-valign-top wp-block-uagb-info-box--has-margin\"><div class=\"uagb-infobox-margin-wrapper\"><div class=\"uagb-ifb-icon-wrap\"><div class=\"uagb-iconbox-icon-wrap uagb-infobox-shape-circle\"><svg xmlns=\"https:\/\/www.w3.org\/2000\/svg\" viewbox=\"0 0 448 512\"><path d=\"M80 192V144C80 64.47 144.5 0 224 0C303.5 0 368 64.47 368 144V192H384C419.3 192 448 220.7 448 256V448C448 483.3 419.3 512 384 512H64C28.65 512 0 483.3 0 448V256C0 220.7 28.65 192 64 192H80zM144 192H304V144C304 99.82 268.2 64 224 64C179.8 64 144 99.82 144 144V192z\"><\/path><\/svg><\/div><\/div><div class=\"uagb-ifb-content\"><div class=\"uagb-ifb-title-wrap\"><h5 class=\"uagb-ifb-title\">Communication claire<\/h5><\/div><p class=\"uagb-ifb-desc\">Vos id\u00e9es guident chaque cr\u00e9ation.<\/p><\/div><\/div><\/div>\n\n\n\n<div class=\"wp-block-uagb-info-box uagb-block-2e5e0380 uagb-infobox__content-wrap  uagb-infobox-icon-left uagb-infobox-left uagb-infobox-stacked-mobile uagb-infobox-image-valign-top wp-block-uagb-info-box--has-margin\"><div class=\"uagb-infobox-margin-wrapper\"><div class=\"uagb-ifb-icon-wrap\"><div class=\"uagb-iconbox-icon-wrap uagb-infobox-shape-circle\"><svg xmlns=\"https:\/\/www.w3.org\/2000\/svg\" viewbox=\"0 0 448 512\"><path d=\"M50.73 58.53C58.86 42.27 75.48 32 93.67 32H208V160H0L50.73 58.53zM240 160V32H354.3C372.5 32 389.1 42.27 397.3 58.53L448 160H240zM448 416C448 451.3 419.3 480 384 480H64C28.65 480 0 451.3 0 416V192H448V416z\"><\/path><\/svg><\/div><\/div><div class=\"uagb-ifb-content\"><div class=\"uagb-ifb-title-wrap\"><h5 class=\"uagb-ifb-title\">Livraison soign\u00e9e<\/h5><\/div><p class=\"uagb-ifb-desc\">Chaque pi\u00e8ce est emball\u00e9e avec pr\u00e9caution pour arriver en parfait \u00e9tat.<\/p><\/div><\/div><\/div>\n\n\n\n<div class=\"wp-block-uagb-info-box uagb-block-738e8b14 uagb-infobox__content-wrap  uagb-infobox-icon-left uagb-infobox-left uagb-infobox-stacked-mobile uagb-infobox-image-valign-top wp-block-uagb-info-box--has-margin\"><div class=\"uagb-infobox-margin-wrapper\"><div class=\"uagb-ifb-icon-wrap\"><div class=\"uagb-iconbox-icon-wrap uagb-infobox-shape-circle\"><svg xmlns=\"https:\/\/www.w3.org\/2000\/svg\" viewbox=\"0 0 576 512\"><path d=\"M275.2 250.5c7 7.375 18.5 7.375 25.5 0l108.1-114.2c31.5-33.12 29.72-88.1-5.65-118.7c-30.88-26.75-76.75-21.9-104.9 7.724L287.1 36.91L276.8 25.28C248.7-4.345 202.7-9.194 171.1 17.56C136.7 48.18 134.7 103.2 166.4 136.3L275.2 250.5zM568.2 336.3c-13.12-17.81-38.14-21.66-55.93-8.469l-119.7 88.17h-120.6c-8.748 0-15.1-7.25-15.1-15.1c0-8.746 7.25-15.1 15.1-15.1h78.25c15.1 0 30.75-10.87 33.37-26.62c3.25-19.1-12.12-37.37-31.62-37.37H191.1c-26.1 0-53.12 9.25-74.12 26.25l-46.5 37.74l-55.37-.0253c-8.748 0-15.1 7.275-15.1 16.02L.0001 496C.0001 504.8 7.251 512 15.1 512h346.1c22.03 0 43.92-7.187 61.7-20.28l135.1-99.51C577.5 379.1 581.3 354.1 568.2 336.3z\"><\/path><\/svg><\/div><\/div><div class=\"uagb-ifb-content\"><div class=\"uagb-ifb-title-wrap\"><h5 class=\"uagb-ifb-title\">Qualit\u00e9 artisanale<\/h5><\/div><p class=\"uagb-ifb-desc\">Chaque cr\u00e9ation est unique, r\u00e9alis\u00e9e \u00e0 la main avec passion.<br><\/p><\/div><\/div><\/div>\n<\/div><\/div>","protected":false},"excerpt":{"rendered":"<p>Notre univers<\/p>","protected":false},"author":1,"featured_media":0,"parent":0,"menu_order":0,"comment_status":"closed","ping_status":"closed","template":"","meta":{"_uag_custom_page_level_css":"","site-sidebar-layout":"no-sidebar","site-content-layout":"plain-container","ast-site-content-layout":"normal-width-container","site-content-style":"unboxed","site-sidebar-style":"unboxed","ast-global-header-display":"","ast-banner-title-visibility":"","ast-main-header-display":"","ast-hfb-above-header-display":"","ast-hfb-below-header-display":"","ast-hfb-mobile-header-display":"","site-post-title":"disabled","ast-breadcrumbs-content":"","ast-featured-img":"disabled","footer-sml-layout":"","ast-disable-related-posts":"","theme-transparent-header-meta":"enabled","adv-header-id-meta":"","stick-header-meta":"","header-above-stick-meta":"","header-main-stick-meta":"","header-below-stick-meta":"","astra-migrate-meta-layouts":"set","ast-page-background-enabled":"default","ast-page-background-meta":{"desktop":{"background-color":"var(--ast-global-color-4)","background-image":"","background-repeat":"repeat","background-position":"center center","background-size":"auto","background-attachment":"scroll","background-type":"","background-media":"","overlay-type":"","overlay-color":"","overlay-opacity":"","overlay-gradient":""},"tablet":{"background-color":"","background-image":"","background-repeat":"repeat","background-position":"center center","background-size":"auto","background-attachment":"scroll","background-type":"","background-media":"","overlay-type":"","overlay-color":"","overlay-opacity":"","overlay-gradient":""},"mobile":{"background-color":"","background-image":"","background-repeat":"repeat","background-position":"center center","background-size":"auto","background-attachment":"scroll","background-type":"","background-media":"","overlay-type":"","overlay-color":"","overlay-opacity":"","overlay-gradient":""}},"ast-content-background-meta":{"desktop":{"background-color":"var(--ast-global-color-5)","background-image":"","background-repeat":"repeat","background-position":"center center","background-size":"auto","background-attachment":"scroll","background-type":"","background-media":"","overlay-type":"","overlay-color":"","overlay-opacity":"","overlay-gradient":""},"tablet":{"background-color":"var(--ast-global-color-5)","background-image":"","background-repeat":"repeat","background-position":"center center","background-size":"auto","background-attachment":"scroll","background-type":"","background-media":"","overlay-type":"","overlay-color":"","overlay-opacity":"","overlay-gradient":""},"mobile":{"background-color":"var(--ast-global-color-5)","background-image":"","background-repeat":"repeat","background-position":"center center","background-size":"auto","background-attachment":"scroll","background-type":"","background-media":"","overlay-type":"","overlay-color":"","overlay-opacity":"","overlay-gradient":""}},"footnotes":""},"class_list":["post-1008","page","type-page","status-publish","hentry"],"yoast_head":"<!-- This site is optimized with the Yoast SEO plugin v27.4 - https:\/\/yoast.com\/product\/yoast-seo-wordpress\/ -->\n<title>Home - clayshop.store<\/title>\n<meta name=\"description\" content=\"Clay Shop offers handmade clay creations to add personality and functionality to your space. Custom jewelry boxes, plant holders, and more.\" \/>\n<meta name=\"robots\" content=\"index, follow, max-snippet:-1, max-image-preview:large, max-video-preview:-1\" \/>\n<link rel=\"canonical\" href=\"https:\/\/clayshop.store\/fr\/\" \/>\n<meta property=\"og:locale\" content=\"fr_FR\" \/>\n<meta property=\"og:type\" content=\"article\" \/>\n<meta property=\"og:title\" content=\"Home - clayshop.store\" \/>\n<meta property=\"og:description\" content=\"Clay Shop offers handmade clay creations to add personality and functionality to your space. Custom jewelry boxes, plant holders, and more.\" \/>\n<meta property=\"og:url\" content=\"https:\/\/clayshop.store\/fr\/\" \/>\n<meta property=\"og:site_name\" content=\"clayshop.store\" \/>\n<meta property=\"article:modified_time\" content=\"2025-07-09T13:16:19+00:00\" \/>\n<meta name=\"twitter:card\" content=\"summary_large_image\" \/>\n<meta name=\"twitter:label1\" content=\"Dur\u00e9e de lecture estim\u00e9e\" \/>\n\t<meta name=\"twitter:data1\" content=\"2 minutes\" \/>\n<script type=\"application\/ld+json\" class=\"yoast-schema-graph\">{\"@context\":\"https:\\\/\\\/schema.org\",\"@graph\":[{\"@type\":\"WebPage\",\"@id\":\"https:\\\/\\\/clayshop.store\\\/\",\"url\":\"https:\\\/\\\/clayshop.store\\\/\",\"name\":\"Home - clayshop.store\",\"isPartOf\":{\"@id\":\"https:\\\/\\\/clayshop.store\\\/#website\"},\"datePublished\":\"2025-07-05T13:30:34+00:00\",\"dateModified\":\"2025-07-09T13:16:19+00:00\",\"description\":\"Clay Shop offers handmade clay creations to add personality and functionality to your space. Custom jewelry boxes, plant holders, and more.\",\"breadcrumb\":{\"@id\":\"https:\\\/\\\/clayshop.store\\\/#breadcrumb\"},\"inLanguage\":\"fr-FR\",\"potentialAction\":[{\"@type\":\"ReadAction\",\"target\":[\"https:\\\/\\\/clayshop.store\\\/\"]}]},{\"@type\":\"BreadcrumbList\",\"@id\":\"https:\\\/\\\/clayshop.store\\\/#breadcrumb\",\"itemListElement\":[{\"@type\":\"ListItem\",\"position\":1,\"name\":\"Home\",\"item\":\"https:\\\/\\\/clayshop.store\\\/\"},{\"@type\":\"ListItem\",\"position\":2,\"name\":\"Home\"}]},{\"@type\":\"WebSite\",\"@id\":\"https:\\\/\\\/clayshop.store\\\/#website\",\"url\":\"https:\\\/\\\/clayshop.store\\\/\",\"name\":\"clayshop.store\",\"description\":\"\",\"potentialAction\":[{\"@type\":\"SearchAction\",\"target\":{\"@type\":\"EntryPoint\",\"urlTemplate\":\"https:\\\/\\\/clayshop.store\\\/?s={search_term_string}\"},\"query-input\":{\"@type\":\"PropertyValueSpecification\",\"valueRequired\":true,\"valueName\":\"search_term_string\"}}],\"inLanguage\":\"fr-FR\"}]}<\/script>\n<!-- \/ Yoast SEO plugin. -->","yoast_head_json":{"title":"Home - clayshop.store","description":"Clay Shop offers handmade clay creations to add personality and functionality to your space. Custom jewelry boxes, plant holders, and more.","robots":{"index":"index","follow":"follow","max-snippet":"max-snippet:-1","max-image-preview":"max-image-preview:large","max-video-preview":"max-video-preview:-1"},"canonical":"https:\/\/clayshop.store\/fr\/","og_locale":"fr_FR","og_type":"article","og_title":"Home - clayshop.store","og_description":"Clay Shop offers handmade clay creations to add personality and functionality to your space. Custom jewelry boxes, plant holders, and more.","og_url":"https:\/\/clayshop.store\/fr\/","og_site_name":"clayshop.store","article_modified_time":"2025-07-09T13:16:19+00:00","twitter_card":"summary_large_image","twitter_misc":{"Dur\u00e9e de lecture estim\u00e9e":"2 minutes"},"schema":{"@context":"https:\/\/schema.org","@graph":[{"@type":"WebPage","@id":"https:\/\/clayshop.store\/","url":"https:\/\/clayshop.store\/","name":"Home - clayshop.store","isPartOf":{"@id":"https:\/\/clayshop.store\/#website"},"datePublished":"2025-07-05T13:30:34+00:00","dateModified":"2025-07-09T13:16:19+00:00","description":"Clay Shop offers handmade clay creations to add personality and functionality to your space. Custom jewelry boxes, plant holders, and more.","breadcrumb":{"@id":"https:\/\/clayshop.store\/#breadcrumb"},"inLanguage":"fr-FR","potentialAction":[{"@type":"ReadAction","target":["https:\/\/clayshop.store\/"]}]},{"@type":"BreadcrumbList","@id":"https:\/\/clayshop.store\/#breadcrumb","itemListElement":[{"@type":"ListItem","position":1,"name":"Home","item":"https:\/\/clayshop.store\/"},{"@type":"ListItem","position":2,"name":"Home"}]},{"@type":"WebSite","@id":"https:\/\/clayshop.store\/#website","url":"https:\/\/clayshop.store\/","name":"clayshop.store","description":"","potentialAction":[{"@type":"SearchAction","target":{"@type":"EntryPoint","urlTemplate":"https:\/\/clayshop.store\/?s={search_term_string}"},"query-input":{"@type":"PropertyValueSpecification","valueRequired":true,"valueName":"search_term_string"}}],"inLanguage":"fr-FR"}]}},"uagb_featured_image_src":{"full":false,"thumbnail":false,"medium":false,"medium_large":false,"large":false,"1536x1536":false,"2048x2048":false,"trp-custom-language-flag":false,"tp-image-grid":false,"woocommerce_thumbnail":false,"woocommerce_single":false,"woocommerce_gallery_thumbnail":false},"uagb_author_info":{"display_name":"clayshopmaroc@gmail.com","author_link":"https:\/\/clayshop.store\/fr\/author\/clayshopmarocgmail-com\/"},"uagb_comment_info":0,"uagb_excerpt":"What We&#8217;re All About","_links":{"self":[{"href":"https:\/\/clayshop.store\/fr\/wp-json\/wp\/v2\/pages\/1008","targetHints":{"allow":["GET"]}}],"collection":[{"href":"https:\/\/clayshop.store\/fr\/wp-json\/wp\/v2\/pages"}],"about":[{"href":"https:\/\/clayshop.store\/fr\/wp-json\/wp\/v2\/types\/page"}],"author":[{"embeddable":true,"href":"https:\/\/clayshop.store\/fr\/wp-json\/wp\/v2\/users\/1"}],"replies":[{"embeddable":true,"href":"https:\/\/clayshop.store\/fr\/wp-json\/wp\/v2\/comments?post=1008"}],"version-history":[{"count":21,"href":"https:\/\/clayshop.store\/fr\/wp-json\/wp\/v2\/pages\/1008\/revisions"}],"predecessor-version":[{"id":2579,"href":"https:\/\/clayshop.store\/fr\/wp-json\/wp\/v2\/pages\/1008\/revisions\/2579"}],"wp:attachment":[{"href":"https:\/\/clayshop.store\/fr\/wp-json\/wp\/v2\/media?parent=1008"}],"curies":[{"name":"wp","href":"https:\/\/api.w.org\/{rel}","templated":true}]}}